{"id":3945,"date":"2021-12-20T12:51:05","date_gmt":"2021-12-20T12:51:05","guid":{"rendered":"https:\/\/discopuntacana.com\/?page_id=3945"},"modified":"2021-12-20T18:53:22","modified_gmt":"2021-12-20T18:53:22","slug":"legal-policy","status":"publish","type":"page","link":"https:\/\/discopuntacana.com\/en\/legal-policy\/","title":{"rendered":"Legal policy"},"content":{"rendered":"<h2>1. Objeto y aceptaci\u00f3n<\/h2>\n<p>El presente aviso legal regula el uso del sitio Web: discopuntacana.com El sitio web discopuntacana.com presta servicios cuyo objetivo primordial es permitir el contacto entre los usuarios y la entidad. La navegaci\u00f3n por la p\u00e1gina discopuntacana.com atribuye la condici\u00f3n de usuario de la misma e implica la aceptaci\u00f3n plena y sin reservas de todas y cada una de las disposiciones incluidas en este Aviso Legal, que pueden sufrir modificaciones. El usuario se obliga a hacer un uso correcto del sitio Web de conformidad con las leyes, la buena fe, el orden p\u00fablico, los usos del tr\u00e1fico y el presente Aviso Legal. El Usuario responder\u00e1 frente a RENE ARTACHO, S.L.U. y frente a terceros, de los da\u00f1os y perjuicios que pudieran causarse como consecuencia del incumplimiento de dicha obligaci\u00f3n.<\/p>\n<h2>2. Titularidad de la web e identificaci\u00f3n del Prestador de Servicios de la Sociedad de la Informaci\u00f3n<\/h2>\n<p>Con la finalidad de dar cumplimiento al principio de Informaci\u00f3n general exigido por el Art\u00edculo 10 de la Ley 34\/2002, de 11 de julio, de servicios de la sociedad de la informaci\u00f3n y de comercio electr\u00f3nico informamos a nuestros usuarios que el presente sitio web pertenece a\u00a0 RENE ARTACHO, S.L.U. con CIF B05374962, inscrita en el Registro Mercantil de Tenerife en la hoja TF-66080, Folio 78, del tomo 3732, de la Secci\u00f3n 8.<\/p>\n<table width=\"531\">\n<tbody>\n<tr>\n<td colspan=\"3\" width=\"183\">Direcci\u00f3n:<\/td>\n<td width=\"16\"><\/td>\n<td colspan=\"3\" width=\"332\">Avenida La Habana, C.c. San Telmo, Locales 1, 2 Y 3b, 38650 &#8211; Playa de Las Americas (santa Cruz de Tenerife)<\/td>\n<\/tr>\n<tr>\n<td width=\"25\"><\/td>\n<td width=\"16\"><\/td>\n<td width=\"143\"><\/td>\n<td width=\"16\"><\/td>\n<td width=\"196\"><\/td>\n<td width=\"16\"><\/td>\n<td width=\"119\"><\/td>\n<\/tr>\n<tr>\n<td colspan=\"3\" width=\"183\">Correo-e:<\/td>\n<td width=\"16\"><\/td>\n<td colspan=\"3\" width=\"332\">puntacanatfs@hotmail.com<\/td>\n<\/tr>\n<tr>\n<td width=\"25\"><\/td>\n<td width=\"16\"><\/td>\n<td width=\"143\"><\/td>\n<td width=\"16\"><\/td>\n<td width=\"196\"><\/td>\n<td width=\"16\"><\/td>\n<td width=\"119\"><\/td>\n<\/tr>\n<tr>\n<td colspan=\"3\" width=\"183\">Tel\u00e9fono:<\/td>\n<td width=\"16\"><\/td>\n<td colspan=\"3\" width=\"332\">699 29 05 25<\/td>\n<\/tr>\n<tr>\n<td width=\"25\"><\/td>\n<td width=\"16\"><\/td>\n<td width=\"143\"><\/td>\n<td width=\"16\"><\/td>\n<td width=\"196\"><\/td>\n<td width=\"16\"><\/td>\n<td width=\"119\"><\/td>\n<\/tr>\n<tr>\n<td colspan=\"3\" width=\"183\">Web alojada por:<\/td>\n<td width=\"16\"><\/td>\n<td colspan=\"3\" width=\"332\">Interdominios, s.a.<\/td>\n<\/tr>\n<\/tbody>\n<\/table>\n<p>&nbsp;<\/p>\n<h2>3. Condiciones generales de acceso y utilizaci\u00f3n<\/h2>\n<p>El sitio Web y sus servicios son de acceso libre y gratuito, si bien la utilizaci\u00f3n de determinadas \u00e1reas o servicios est\u00e1 condicionada a cumplimentar formularios de recogida de datos. S\u00f3lo los mayores de 18 a\u00f1os podr\u00e1n facilitar datos a trav\u00e9s de nuestra web, y los menores de 14 a\u00f1os no pueden facilitarlos sin el consentimiento de los padres o tutores. El Usuario garantiza la autenticidad y actualidad de todos aquellos datos que comunique a\u00a0RENE ARTACHO, S.L.U.\u00a0y ser\u00e1 el \u00fanico responsable de las manifestaciones falsas o inexactas que realice. discopuntacana.com \u00a0 <strong>3.1<\/strong> <strong>Reglas y prohibiciones de uso para usuarios de nuestros servicios<\/strong> El Usuario se compromete expresamente a hacer un uso adecuado de los contenidos y servicios ofrecidos y a no emplearlos para:<\/p>\n<ul>\n<li>Difundir contenidos delictivos, violentos, pornogr\u00e1ficos, racistas, xen\u00f3fobo, ofensivos, de apolog\u00eda del terrorismo o, en general, contrarios a la ley o al orden p\u00fablico.<\/li>\n<li>Introducir en la red virus inform\u00e1ticos o realizar actuaciones susceptibles de alterar, estropear, interrumpir o generar errores o da\u00f1os en los documentos electr\u00f3nicos, datos o sistemas f\u00edsicos y l\u00f3gicos de\u00a0RENE ARTACHO, S.L.U.\u00a0o de terceras personas; as\u00ed como obstaculizar el acceso de otros Usuarios al sitio Web y a sus servicios.<\/li>\n<li>Intentar acceder a \u00e1reas restringidas de los sistemas inform\u00e1ticos de\u00a0RENE ARTACHO, S.L.U.\u00a0o de terceros y, en su caso, extraer informaci\u00f3n.<\/li>\n<li>Vulnerar los derechos de propiedad intelectual o industrial, as\u00ed como violar la confidencialidad de la informaci\u00f3n de\u00a0RENE ARTACHO, S.L.U.\u00a0o de terceros.<\/li>\n<li>Suplantar la identidad de otro Usuario, de las administraciones p\u00fablicas o de un tercero.<\/li>\n<li>Reproducir, copiar, distribuir, poner a disposici\u00f3n o de cualquier otra forma comunicar p\u00fablicamente, transformar o modificar los Contenidos, a menos que se cuente con la autorizaci\u00f3n del titular de los correspondientes derechos o ello resulte legalmente permitido<\/li>\n<li>Recabar datos con finalidad publicitaria y de remitir publicidad de cualquier clase y comunicaciones con fines de venta u otras de naturaleza comercial sin que medie su previa solicitud o consentimiento.<\/li>\n<\/ul>\n<p><strong>3.2. Procedimiento en caso de realizaci\u00f3n de actividades de car\u00e1cter il\u00edcito<\/strong> En el caso de que cualquier usuario o un tercero considere que existen hechos o circunstancias que revelen el car\u00e1cter il\u00edcito de la utilizaci\u00f3n de cualquier contenido y\/o de la realizaci\u00f3n de cualquier actividad en las p\u00e1ginas Web incluidas o accesibles a trav\u00e9s del sitio Web, deber\u00e1 enviar una notificaci\u00f3n a RENE ARTACHO, S.L.U. identific\u00e1ndose debidamente, especificando las supuestas infracciones y declarando expresamente y bajo su responsabilidad que la informaci\u00f3n proporcionada en la notificaci\u00f3n es exacta.<\/p>\n<h2><strong>4. Pol\u00edtica de privacidad<\/strong><\/h2>\n<p>El usuario puede consultar c\u00f3mo RENE ARTACHO, S.L.U. utiliza sus datos y las medidas de seguridad implantadas en el enlace:\u00a0&#8220;Pol\u00edtica de privacidad\u201d<\/p>\n<h2><strong>5. Pol\u00edtica de cookies<\/strong><\/h2>\n<p>RENE ARTACHO, S.L.U. instala cookies en el ordenador del usuario. Para conocer m\u00e1s las cookies de nuestro sitio web acuda al siguiente enlace:\u00a0&#8220;pol\u00edtica de cookies&#8221;<\/p>\n<h2><strong>6. Notificaciones<\/strong><\/h2>\n<p>Todas las notificaciones y comunicaciones entre los usuarios y\u00a0RENE ARTACHO, S.L.U.\u00a0se considerar\u00e1n eficaces, a todos los efectos, cuando se realicen a trav\u00e9s de correo postal o correo electr\u00f3nico o comunicaci\u00f3n telef\u00f3nica. Los usuarios deber\u00e1n dirigirse a\u00a0RENE ARTACHO, S.L.U.\u00a0mediante:<\/p>\n<ul>\n<li>Env\u00edo por correo postal a la siguiente direcci\u00f3n: RENE ARTACHO, S.L.U. \u2013 Avenida La Habana, C.c. San Telmo, Locales 1, 2 y 3b &#8211; 38650\u00a0 Los Cristianos (Santa Cruz de Tenerife).<\/li>\n<li>Env\u00edo por correo electr\u00f3nico a la siguiente direcci\u00f3n: puntacanatfs@hotmail.com<\/li>\n<\/ul>\n<p>&nbsp;<\/p>\n<h2><strong>7. Propiedad Industrial y Propiedad Intelectual<\/strong><\/h2>\n<p>Todos los contenidos del sitio Web, como textos, fotograf\u00edas, gr\u00e1ficos, im\u00e1genes, iconos, tecnolog\u00eda, software, as\u00ed como su dise\u00f1o gr\u00e1fico y c\u00f3digos fuente, constituyen una obra cuya propiedad pertenece a\u00a0RENE ARTACHO, S.L.U., sin que puedan entenderse cedidos al Usuario ninguno de los derechos de explotaci\u00f3n sobre los mismos m\u00e1s all\u00e1 de lo estrictamente necesario para el correcto uso de la Web. En definitiva, los usuarios que accedan a este sitio Web pueden visualizar los contenidos y efectuar, en su caso, copias privadas autorizadas siempre que los elementos reproducidos no sean cedidos posteriormente a terceros, ni se instalen a servidores conectados a redes, ni sean objeto de ning\u00fan tipo de explotaci\u00f3n y \u00fanica y exclusivamente mientras se encuentre en vigor el servicio. Asimismo, todas las marcas, nombres comerciales o signos distintivos de cualquier clase que aparecen en el sitio Web son propiedad de\u00a0RENE ARTACHO, S.L.U., sin que pueda entenderse que el uso o acceso al mismo atribuya al Usuario derecho alguno sobre los mismos. Quedan prohibidas la distribuci\u00f3n, modificaci\u00f3n, cesi\u00f3n o comunicaci\u00f3n p\u00fablica de los contenidos y cualquier otro acto que no haya sido expresamente autorizado por\u00a0RENE ARTACHO, S.L.U.\u00a0En caso de incumplimiento\u00a0RENE ARTACHO, S.L.U.\u00a0proceder\u00e1 a adoptar las medidas legales oportunas.<\/p>\n<h2><strong>8. Exenci\u00f3n de responsabilidad y modificaci\u00f3n del presente aviso legal<\/strong><\/h2>\n<p>La web discopuntacana.com utiliza t\u00e9cnicas de seguridad de la informaci\u00f3n tales como firewalls, procedimientos de control de acceso y mecanismos criptogr\u00e1ficos, todo ello con el objetivo de evitar el acceso no autorizado a los datos y garantizar la confidencialidad de los mismos. La informaci\u00f3n que se difunde en esta web se hace \u00fanica y exclusivamente a t\u00edtulo informativo, reserv\u00e1ndose\u00a0RENE ARTACHO, S.L.U.\u00a0el derecho de eliminar o suspender su difusi\u00f3n, total o parcialmente, y a modificar la estructura y contenido de este sitio Web sin aviso previo, pudiendo incluso limitar o no permitir el acceso a dicha informaci\u00f3n.\u00a0RENE ARTACHO, S.L.U. intenta\u00a0 mantener la calidad y actualizaci\u00f3n de esta informaci\u00f3n y evitar y minimizar posibles errores pero\u00a0RENE ARTACHO, S.L.U.\u00a0no responder\u00e1 de los da\u00f1os o perjuicios causados por decisiones tomadas en base a la informaci\u00f3n difundida; ni de inexactitudes, omisiones o errores contenidos en el mismo, ni de los problemas que se originen por el uso de este sitio Web u otro de conexi\u00f3n externa; ni de los da\u00f1os y\/o perjuicios en el software o hardware del usuario que se deriven del acceso a este sitio Web. Los Usuarios aceptan expresamente que\u00a0RENE ARTACHO, S.L.U.\u00a0no ser\u00e1 responsable del acceso no autorizado o alteraci\u00f3n de sus transmisiones o datos, de cualquier material o datos enviados o recibidos o no enviados o recibidos, ni de ninguna transacci\u00f3n realizada a trav\u00e9s de su web. RENE ARTACHO, S.L.U.\u00a0se reserva el derecho a modificar el presente aviso legal unilateralmente y sin preaviso\u00a0 en los t\u00e9rminos y condiciones que estime conveniente con la \u00fanica obligaci\u00f3n de informar al usuario de las modificaciones efectuadas a trav\u00e9s de\u00a0<a href=\"http:\/\/www.aixacorpore.es\/\">discopuntacana.com<\/a>.<\/p>\n<h2><strong>9. Nulidad parcial<\/strong><\/h2>\n<p>Si alguna de las presentes cl\u00e1usulas fuese declarada nula y sin efecto por resoluci\u00f3n firme dictada por autoridad competente, los restantes t\u00e9rminos y condiciones permanecer\u00e1n en vigor, sin que queden afectados por dicha declaraci\u00f3n de nulidad.<\/p>\n<h2><strong>10. Ley aplicable y tribunales competentes<\/strong><\/h2>\n<p>El presente sitio web queda sometido a lo establecido por la legislaci\u00f3n espa\u00f1ola y normativa europea que resulte de aplicaci\u00f3n Cualquier controversia que surja o guarde relaci\u00f3n con el uso de la p\u00e1gina web o con dichos productos ser\u00e1 sometida a la\u00a0jurisdicci\u00f3n no exclusiva\u00a0de los juzgados y tribunales espa\u00f1oles de la provincia de Santa Cruz de Tenerife. Si se trata de un consumidor final nada en la presente cl\u00e1usula afectar\u00e1 a los derechos que como tal le reconoce la legislaci\u00f3n vigente, pudiendo elegir presentar una reclamaci\u00f3n para hacer valer sus derechos en relaci\u00f3n con las presentes Condiciones ante el Juez o Tribunales que correspondan a su domicilio. <strong>\u00a0<\/strong> <strong>Fecha: 15 diciembre 2021<\/strong> <strong>Versi\u00f3n: V.1.0<\/strong><\/p>\n","protected":false},"excerpt":{"rendered":"<p>1. Objeto y aceptaci\u00f3n El presente aviso legal regula el  [&#8230;]<\/p>\n","protected":false},"author":1,"featured_media":0,"parent":0,"menu_order":0,"comment_status":"closed","ping_status":"closed","template":"","meta":{"footnotes":""},"class_list":["post-3945","page","type-page","status-publish","hentry"],"yoast_head":"<!-- This site is optimized with the Yoast SEO plugin v27.5 - https:\/\/yoast.com\/product\/yoast-seo-wordpress\/ -->\n<title>Legal policy | Punta Cana Disco Los Cristianos, Tenerife<\/title>\n<meta name=\"description\" content=\"Legal Policy Punta Cana Disco. Disco in Los Cristianos, Disco in Tenerife, Local leisure in Tenerife south\" \/>\n<meta name=\"robots\" content=\"index, follow, max-snippet:-1, max-image-preview:large, max-video-preview:-1\" \/>\n<link rel=\"canonical\" href=\"https:\/\/discopuntacana.com\/en\/legal-policy\/\" \/>\n<meta property=\"og:locale\" content=\"en_US\" \/>\n<meta property=\"og:type\" content=\"article\" \/>\n<meta property=\"og:title\" content=\"Legal policy | Punta Cana Disco Los Cristianos, Tenerife\" \/>\n<meta property=\"og:description\" content=\"Legal Policy Punta Cana Disco. Disco in Los Cristianos, Disco in Tenerife, Local leisure in Tenerife south\" \/>\n<meta property=\"og:url\" content=\"https:\/\/discopuntacana.com\/en\/legal-policy\/\" \/>\n<meta property=\"og:site_name\" content=\"Punta Cana Disco Los Cristianos\" \/>\n<meta property=\"article:publisher\" content=\"https:\/\/www.facebook.com\/discopuntacana\" \/>\n<meta property=\"article:modified_time\" content=\"2021-12-20T18:53:22+00:00\" \/>\n<meta name=\"twitter:card\" content=\"summary_large_image\" \/>\n<meta name=\"twitter:label1\" content=\"Est. reading time\" \/>\n\t<meta name=\"twitter:data1\" content=\"7 minutes\" \/>\n<script type=\"application\/ld+json\" class=\"yoast-schema-graph\">{\"@context\":\"https:\\\/\\\/schema.org\",\"@graph\":[{\"@type\":\"WebPage\",\"@id\":\"https:\\\/\\\/discopuntacana.com\\\/en\\\/legal-policy\\\/\",\"url\":\"https:\\\/\\\/discopuntacana.com\\\/en\\\/legal-policy\\\/\",\"name\":\"Legal policy | Punta Cana Disco Los Cristianos, Tenerife\",\"isPartOf\":{\"@id\":\"https:\\\/\\\/discopuntacana.com\\\/en\\\/#website\"},\"datePublished\":\"2021-12-20T12:51:05+00:00\",\"dateModified\":\"2021-12-20T18:53:22+00:00\",\"description\":\"Legal Policy Punta Cana Disco. Disco in Los Cristianos, Disco in Tenerife, Local leisure in Tenerife south\",\"breadcrumb\":{\"@id\":\"https:\\\/\\\/discopuntacana.com\\\/en\\\/legal-policy\\\/#breadcrumb\"},\"inLanguage\":\"en-US\",\"potentialAction\":[{\"@type\":\"ReadAction\",\"target\":[\"https:\\\/\\\/discopuntacana.com\\\/en\\\/legal-policy\\\/\"]}]},{\"@type\":\"BreadcrumbList\",\"@id\":\"https:\\\/\\\/discopuntacana.com\\\/en\\\/legal-policy\\\/#breadcrumb\",\"itemListElement\":[{\"@type\":\"ListItem\",\"position\":1,\"name\":\"Portada\",\"item\":\"https:\\\/\\\/discopuntacana.com\\\/en\\\/\"},{\"@type\":\"ListItem\",\"position\":2,\"name\":\"Legal policy\"}]},{\"@type\":\"WebSite\",\"@id\":\"https:\\\/\\\/discopuntacana.com\\\/en\\\/#website\",\"url\":\"https:\\\/\\\/discopuntacana.com\\\/en\\\/\",\"name\":\"Disco Punta Cana\",\"description\":\"Discoteca en Los Cristianos, Tu lugar de moda\",\"publisher\":{\"@id\":\"https:\\\/\\\/discopuntacana.com\\\/en\\\/#organization\"},\"potentialAction\":[{\"@type\":\"SearchAction\",\"target\":{\"@type\":\"EntryPoint\",\"urlTemplate\":\"https:\\\/\\\/discopuntacana.com\\\/en\\\/?s={search_term_string}\"},\"query-input\":{\"@type\":\"PropertyValueSpecification\",\"valueRequired\":true,\"valueName\":\"search_term_string\"}}],\"inLanguage\":\"en-US\"},{\"@type\":\"Organization\",\"@id\":\"https:\\\/\\\/discopuntacana.com\\\/en\\\/#organization\",\"name\":\"Punta Cana Disco\",\"url\":\"https:\\\/\\\/discopuntacana.com\\\/en\\\/\",\"logo\":{\"@type\":\"ImageObject\",\"inLanguage\":\"en-US\",\"@id\":\"https:\\\/\\\/discopuntacana.com\\\/en\\\/#\\\/schema\\\/logo\\\/image\\\/\",\"url\":\"https:\\\/\\\/discopuntacana.com\\\/wp-content\\\/uploads\\\/2021\\\/11\\\/Logo-Disco-Punta-Cana.png\",\"contentUrl\":\"https:\\\/\\\/discopuntacana.com\\\/wp-content\\\/uploads\\\/2021\\\/11\\\/Logo-Disco-Punta-Cana.png\",\"width\":3062,\"height\":3000,\"caption\":\"Punta Cana Disco\"},\"image\":{\"@id\":\"https:\\\/\\\/discopuntacana.com\\\/en\\\/#\\\/schema\\\/logo\\\/image\\\/\"},\"sameAs\":[\"https:\\\/\\\/www.facebook.com\\\/discopuntacana\",\"https:\\\/\\\/www.instagram.com\\\/puntacanadisco\\\/\"]}]}<\/script>\n<!-- \/ Yoast SEO plugin. -->","yoast_head_json":{"title":"Legal policy | Punta Cana Disco Los Cristianos, Tenerife","description":"Legal Policy Punta Cana Disco. Disco in Los Cristianos, Disco in Tenerife, Local leisure in Tenerife south","robots":{"index":"index","follow":"follow","max-snippet":"max-snippet:-1","max-image-preview":"max-image-preview:large","max-video-preview":"max-video-preview:-1"},"canonical":"https:\/\/discopuntacana.com\/en\/legal-policy\/","og_locale":"en_US","og_type":"article","og_title":"Legal policy | Punta Cana Disco Los Cristianos, Tenerife","og_description":"Legal Policy Punta Cana Disco. Disco in Los Cristianos, Disco in Tenerife, Local leisure in Tenerife south","og_url":"https:\/\/discopuntacana.com\/en\/legal-policy\/","og_site_name":"Punta Cana Disco Los Cristianos","article_publisher":"https:\/\/www.facebook.com\/discopuntacana","article_modified_time":"2021-12-20T18:53:22+00:00","twitter_card":"summary_large_image","twitter_misc":{"Est. reading time":"7 minutes"},"schema":{"@context":"https:\/\/schema.org","@graph":[{"@type":"WebPage","@id":"https:\/\/discopuntacana.com\/en\/legal-policy\/","url":"https:\/\/discopuntacana.com\/en\/legal-policy\/","name":"Legal policy | Punta Cana Disco Los Cristianos, Tenerife","isPartOf":{"@id":"https:\/\/discopuntacana.com\/en\/#website"},"datePublished":"2021-12-20T12:51:05+00:00","dateModified":"2021-12-20T18:53:22+00:00","description":"Legal Policy Punta Cana Disco. Disco in Los Cristianos, Disco in Tenerife, Local leisure in Tenerife south","breadcrumb":{"@id":"https:\/\/discopuntacana.com\/en\/legal-policy\/#breadcrumb"},"inLanguage":"en-US","potentialAction":[{"@type":"ReadAction","target":["https:\/\/discopuntacana.com\/en\/legal-policy\/"]}]},{"@type":"BreadcrumbList","@id":"https:\/\/discopuntacana.com\/en\/legal-policy\/#breadcrumb","itemListElement":[{"@type":"ListItem","position":1,"name":"Portada","item":"https:\/\/discopuntacana.com\/en\/"},{"@type":"ListItem","position":2,"name":"Legal policy"}]},{"@type":"WebSite","@id":"https:\/\/discopuntacana.com\/en\/#website","url":"https:\/\/discopuntacana.com\/en\/","name":"Disco Punta Cana","description":"Discoteca en Los Cristianos, Tu lugar de moda","publisher":{"@id":"https:\/\/discopuntacana.com\/en\/#organization"},"potentialAction":[{"@type":"SearchAction","target":{"@type":"EntryPoint","urlTemplate":"https:\/\/discopuntacana.com\/en\/?s={search_term_string}"},"query-input":{"@type":"PropertyValueSpecification","valueRequired":true,"valueName":"search_term_string"}}],"inLanguage":"en-US"},{"@type":"Organization","@id":"https:\/\/discopuntacana.com\/en\/#organization","name":"Punta Cana Disco","url":"https:\/\/discopuntacana.com\/en\/","logo":{"@type":"ImageObject","inLanguage":"en-US","@id":"https:\/\/discopuntacana.com\/en\/#\/schema\/logo\/image\/","url":"https:\/\/discopuntacana.com\/wp-content\/uploads\/2021\/11\/Logo-Disco-Punta-Cana.png","contentUrl":"https:\/\/discopuntacana.com\/wp-content\/uploads\/2021\/11\/Logo-Disco-Punta-Cana.png","width":3062,"height":3000,"caption":"Punta Cana Disco"},"image":{"@id":"https:\/\/discopuntacana.com\/en\/#\/schema\/logo\/image\/"},"sameAs":["https:\/\/www.facebook.com\/discopuntacana","https:\/\/www.instagram.com\/puntacanadisco\/"]}]}},"_links":{"self":[{"href":"https:\/\/discopuntacana.com\/en\/wp-json\/wp\/v2\/pages\/3945","targetHints":{"allow":["GET"]}}],"collection":[{"href":"https:\/\/discopuntacana.com\/en\/wp-json\/wp\/v2\/pages"}],"about":[{"href":"https:\/\/discopuntacana.com\/en\/wp-json\/wp\/v2\/types\/page"}],"author":[{"embeddable":true,"href":"https:\/\/discopuntacana.com\/en\/wp-json\/wp\/v2\/users\/1"}],"replies":[{"embeddable":true,"href":"https:\/\/discopuntacana.com\/en\/wp-json\/wp\/v2\/comments?post=3945"}],"version-history":[{"count":4,"href":"https:\/\/discopuntacana.com\/en\/wp-json\/wp\/v2\/pages\/3945\/revisions"}],"predecessor-version":[{"id":3994,"href":"https:\/\/discopuntacana.com\/en\/wp-json\/wp\/v2\/pages\/3945\/revisions\/3994"}],"wp:attachment":[{"href":"https:\/\/discopuntacana.com\/en\/wp-json\/wp\/v2\/media?parent=3945"}],"curies":[{"name":"wp","href":"https:\/\/api.w.org\/{rel}","templated":true}]}}